{"id":768,"date":"2022-06-01T21:53:47","date_gmt":"2022-06-01T19:53:47","guid":{"rendered":"http:\/\/bauservice-aluminium.pl\/?page_id=768"},"modified":"2024-12-11T09:08:36","modified_gmt":"2024-12-11T08:08:36","slug":"funduszenorweskie","status":"publish","type":"page","link":"https:\/\/bauservice-aluminium.pl\/fr\/funduszenorweskie\/","title":{"rendered":""},"content":{"rendered":"<section class=\"subpage cooperation\">\n<div class=\"container-fluid\">\n<div class=\"row block-header\">\n<div class=\"d-none d-md-block col-md-1 offset-md-1\">\n<div class=\"line__line\"><\/div>\n<\/div>\n<div class=\"col-md-10\">\n<h1>Fundusze Norweskie<\/h1>\n<\/div>\n<\/div>\n<div class=\"row\">\n<div class=\"col-lg-1 offset-xl-1 d-none d-lg-block\">\n<div class=\"badge\">\n<div class=\"badge__line\"><\/div>\n<div class=\"badge__text\">Norway grands<\/div>\n<\/div>\n<\/div>\n<div class=\"col col-lg-12 col-xl-10\">\n<div class=\"row align-items-center\">\n<div class=\"col-md-6\">\n<div class=\"\">\n<h3>Wsp\u00f3lnie dzia\u0142amy na rzecz Europy zielonej, konkurencyjnej i sprzyjaj\u0105cej integracji spo\u0142ecznej<\/h3>\n<p>W ramach Funduszy Norweskich Bauservice realizuje projekt \u201eWzrost konkurencyjno\u015bci firmy Bauservice Maciej Adam na rynku mi\u0119dzynarodowym dzi\u0119ki wdro\u017ceniu produkcji eko stolarki aluminiowej o unikatowych parametrach u\u017cytkowych i przy zastosowaniu w przedsi\u0119biorstwie innowacyjnych technologii przyjaznych \u015brodowisku\u201d w ramach schematu Technologie przyjazne \u015brodowisku programu Rozw\u00f3j Przedsi\u0119biorczo\u015bci i Innowacje, kt\u00f3ry zak\u0142ada wsparcie innowacyjnych rozwi\u0105za\u0144 w polskich firmach. Projekt jest wsp\u00f3\u0142finansowany ze \u015brodk\u00f3w Norweskiego Mechanizmu Finansowego, 2014 -2021<\/p>\n<p>Program operacyjny NORW.00.00.00.<\/p>\n<p>O\u015b priorytetowa 19 Norweski Mechanizm Finansowy 2014-2021<\/p>\n<p>Dzia\u0142anie 19.1 Nowe Produkty i Inwestycje.<br \/>\nPoddzia\u0142anie 19.1.1 Technologie przyjazne \u015brodowisku &#8211; Green growth<\/p>\n<p>Tytu\u0142 projektu:\u00a0\u201eWzrost konkurencyjno\u015bci firmy Bauservice Maciej Adam na rynku mi\u0119dzynarodowym dzi\u0119ki wdro\u017ceniu produkcji eko stolarki aluminiowej o unikatowych parametrach u\u017cytkowych i przy zastosowaniu w przedsi\u0119biorstwie innowacyjnych technologii przyjaznych \u015brodowisku.\u201d<\/p>\n<p>Warto\u015b\u0107 projektu\u00a05 645 700.00 PLN<\/p>\n<p>Warto\u015b\u0107 koszt\u00f3w kwalifikowanych\u00a04 590 000.00 PLN<\/p>\n<p>Wysoko\u015b\u0107 dofinansowania\u00a02 085 500.00 PLN<\/p>\n<p><b>Cel projektu:<\/b><\/p>\n<p>G\u0142\u00f3wnym celem realizacji inwestycji w ramach dzia\u0142ania \u201etechnologii przyjazne \u015brodowisku\u201d jest podniesienie poziomu konkurencyjno\u015bci firmy na rynku mi\u0119dzynarodowym poprzez wdro\u017cenie w przedsi\u0119biorstwie innowacyjnego procesu produkcji i w jego efekcie wprowadzenie do oferty wielkogabarytowej, jednostkowej stolarki aluminiowej nosz\u0105cej znamiona innowacji produktowej.<\/p>\n<p><b>Zakres projektu:<\/b><\/p>\n<ul>\n<li>Budowa hali produkcyjnej<\/li>\n<li>Zakup centrum tn\u0105co-obr\u00f3bczego<\/li>\n<li>Zakup zaciskarki naro\u017cy<\/li>\n<li>Instalacja PV<\/li>\n<\/ul>\n<p><b>Post\u0119p wdra\u017cania oraz rezultaty \u2013 stan na grudzie\u0144 2024:<\/b><\/p>\n<p>Budowa hali zosta\u0142a zako\u0144czona. Po uzyskaniu pozwolenia na u\u017cytkowanie niezw\u0142ocznie rozpocznie si\u0119 produkcja wielkogabarytowej, jednostkowej stolarki aluminiowej w nowej hali, na zakupionej przy pomocy funduszy norweskich linii produkcyjnej. Zosta\u0142 z\u0142o\u017cony wniosek o ochron\u0119 praw w\u0142asno\u015bci intelektualnej.<\/p>\n<p><b>Linki:<\/b><br \/>\n<a href=\"https:\/\/www.parp.gov.pl\/component\/grants\/grants\/innowacje-w-zakresie-zielonych-technologii\"><span style=\"color: #eeeeee;\">www.parp.gov.pl<\/span><\/a><br \/>\n<a href=\"https:\/\/eeagrants.org\/\"><span style=\"color: #eeeeee;\">www.norwaygrants.org<\/span><\/a><\/p>\n<\/div>\n<\/div>\n<div class=\"d-none d-md-block col-md-6\"><img decoding=\"async\" class=\"img--responsive\" src=\"http:\/\/bauservice-aluminium.pl\/wp-content\/uploads\/2022\/06\/norway_grants2x_0-300x172.png\" alt=\"Norway Grants\" \/><img loading=\"lazy\" decoding=\"async\" class=\"alignnone size-medium wp-image-851 img--responsive\" src=\"https:\/\/bauservice-aluminium.pl\/wp-content\/uploads\/2024\/12\/PARP-Grupa-PFR-logo-RGB-male-300x165.png\" alt=\"PARP\" width=\"300\" height=\"165\" srcset=\"https:\/\/bauservice-aluminium.pl\/wp-content\/uploads\/2024\/12\/PARP-Grupa-PFR-logo-RGB-male-300x165.png 300w, https:\/\/bauservice-aluminium.pl\/wp-content\/uploads\/2024\/12\/PARP-Grupa-PFR-logo-RGB-male.png 510w\" sizes=\"(max-width: 300px) 100vw, 300px\" \/><\/div>\n<\/div>\n<\/div>\n<\/div>\n<\/div>\n<\/section>\n","protected":false},"excerpt":{"rendered":"<p>Fundusze Norweskie Norway grands Wsp\u00f3lnie dzia\u0142amy na rzecz Europy zielonej, konkurencyjnej i sprzyjaj\u0105cej integracji spo\u0142ecznej W ramach Funduszy Norweskich Bauservice realizuje projekt \u201eWzrost konkurencyjno\u015bci firmy Bauservice Maciej Adam na rynku mi\u0119dzynarodowym dzi\u0119ki wdro\u017ceniu produkcji eko stolarki aluminiowej o unikatowych parametrach u\u017cytkowych i przy zastosowaniu w przedsi\u0119biorstwie innowacyjnych technologii przyjaznych \u015brodowisku\u201d w ramach schematu Technologie przyjazne [&hellip;]<\/p>\n","protected":false},"author":4,"featured_media":0,"parent":0,"menu_order":0,"comment_status":"closed","ping_status":"closed","template":"","meta":{"_acf_changed":false,"footnotes":""},"acf":[],"_links":{"self":[{"href":"https:\/\/bauservice-aluminium.pl\/fr\/wp-json\/wp\/v2\/pages\/768"}],"collection":[{"href":"https:\/\/bauservice-aluminium.pl\/fr\/wp-json\/wp\/v2\/pages"}],"about":[{"href":"https:\/\/bauservice-aluminium.pl\/fr\/wp-json\/wp\/v2\/types\/page"}],"author":[{"embeddable":true,"href":"https:\/\/bauservice-aluminium.pl\/fr\/wp-json\/wp\/v2\/users\/4"}],"replies":[{"embeddable":true,"href":"https:\/\/bauservice-aluminium.pl\/fr\/wp-json\/wp\/v2\/comments?post=768"}],"version-history":[{"count":38,"href":"https:\/\/bauservice-aluminium.pl\/fr\/wp-json\/wp\/v2\/pages\/768\/revisions"}],"predecessor-version":[{"id":858,"href":"https:\/\/bauservice-aluminium.pl\/fr\/wp-json\/wp\/v2\/pages\/768\/revisions\/858"}],"wp:attachment":[{"href":"https:\/\/bauservice-aluminium.pl\/fr\/wp-json\/wp\/v2\/media?parent=768"}],"curies":[{"name":"wp","href":"https:\/\/api.w.org\/{rel}","templated":true}]}}