{"id":822,"date":"2023-12-04T11:44:14","date_gmt":"2023-12-04T10:44:14","guid":{"rendered":"http:\/\/bauservice-aluminium.pl\/?page_id=822"},"modified":"2024-02-08T14:27:36","modified_gmt":"2024-02-08T13:27:36","slug":"lodzka-specjalna-strefa-ekonomiczna","status":"publish","type":"page","link":"https:\/\/bauservice-aluminium.pl\/fr\/lodzka-specjalna-strefa-ekonomiczna\/","title":{"rendered":""},"content":{"rendered":"<section class=\"subpage cooperation\">\n<div class=\"container-fluid\">\n<div class=\"row block-header\">\n<div class=\"d-none d-md-block col-md-1 offset-md-1\">\n<div class=\"line__line\"><\/div>\n<\/div>\n<div class=\"col-md-10\">\n<h1>\u0141\u00f3dzka Specjalna Strefa Ekonomiczna<\/h1>\n<\/div>\n<\/div>\n<div class=\"row\">\n<div class=\"col-lg-1 offset-xl-1 d-none d-lg-block\">\n<div class=\"badge\">\n<div class=\"badge__line\"><\/div>\n<div class=\"badge__text\">\u0141\u00f3dzka Specjalna Strefa Ekonomiczna<\/div>\n<\/div>\n<\/div>\n<div class=\"col col-lg-10 col-xl-8\">\n<div class=\"row align-items-center\">\n<div class=\"col-md-6\">\n<div class=\"content\">\n<p>Firma BAUSERVICE MACIEJ ADAM realizuje projekt pt. \u201eRestart inwestycyjny w przedsi\u0119biorstwie Bauservice\u201d<\/p>\n<p>wsp\u00f3\u0142finansowany w ramach PROGRAMU DZIA\u0141A\u0143 DOTYCZ\u0104CYCH WK\u0141ADU FINANSOWEGO Z POBREXITOWEJ REZERWY DOSTOSOWAWCZEJ W CZ\u0118\u015aCI PRZEZNACZONEJ DLA PRZEDSI\u0118BIORC\u00d3W. Dzia\u0142ania nr 1: Wsparcie przedsi\u0119biorstw niekorzystnie dotkni\u0119tych<br \/>\nskutkami brexit<\/p>\n<p>PBAR.02.01.00 Dzia\u0142ania maj\u0105ce na celu wsparcie przedsi\u0119biorstw prywatnych i publicznych, w szczeg\u00f3lno\u015bci M\u015aP, os\u00f3b samozatrudnionych, lokalnych<br \/>\nspo\u0142eczno\u015bci i organizacji, kt\u00f3re zosta\u0142y niekorzystnie dotkni\u0119te skutkami wyst\u0105pienia Zjednoczonego Kr\u00f3lestwa z Unii<\/p>\n<p>Cel projektu: Przeprowadzenie dywersyfikacji dzia\u0142alno\u015bci<\/p>\n<p>Planowane efekty: Celem dzia\u0142a\u0144 inwestycyjnych jest usprawnienie, wprowadzenie na rynek UE nowego wyrobu wielkogabarytowej, jednostkowej stolarki aluminiowej.<\/p>\n<p>Ca\u0142kowita warto\u015b\u0107 Projektu wynosi: 590 029,92 EUR (s\u0142ownie: pi\u0119\u0107set dziewi\u0119\u0107dziesi\u0105t tysi\u0119cy dwadzie\u015bcia dziewi\u0119\u0107 euro 92\/100).<\/p>\n<p>Dofinansowanie projektu z UE: 230 228,84 EUR (s\u0142ownie: dwie\u015bcie trzydzie\u015bci tysi\u0119cy dwie\u015bcie dwadzie\u015bcia osiem euro 84\/100)<\/p>\n<\/div>\n<\/div>\n<div class=\"d-none d-md-block col-md-5 offset-md-1\"><img decoding=\"async\" class=\"img--responsive\" src=\"http:\/\/bauservice-aluminium.pl\/wp-content\/uploads\/2023\/12\/bauservice.jpg\" alt=\"Bauservice\" \/><\/div>\n<\/div>\n<\/div>\n<\/div>\n<\/div>\n<\/section>\n","protected":false},"excerpt":{"rendered":"<p>\u0141\u00f3dzka Specjalna Strefa Ekonomiczna \u0141\u00f3dzka Specjalna Strefa Ekonomiczna Firma BAUSERVICE MACIEJ ADAM realizuje projekt pt. \u201eRestart inwestycyjny w przedsi\u0119biorstwie Bauservice\u201d wsp\u00f3\u0142finansowany w ramach PROGRAMU DZIA\u0141A\u0143 DOTYCZ\u0104CYCH WK\u0141ADU FINANSOWEGO Z POBREXITOWEJ REZERWY DOSTOSOWAWCZEJ W CZ\u0118\u015aCI PRZEZNACZONEJ DLA PRZEDSI\u0118BIORC\u00d3W. Dzia\u0142ania nr 1: Wsparcie przedsi\u0119biorstw niekorzystnie dotkni\u0119tych skutkami brexit PBAR.02.01.00 Dzia\u0142ania maj\u0105ce na celu wsparcie przedsi\u0119biorstw prywatnych i [&hellip;]<\/p>\n","protected":false},"author":2,"featured_media":0,"parent":0,"menu_order":0,"comment_status":"closed","ping_status":"closed","template":"","meta":{"_acf_changed":false,"footnotes":""},"acf":[],"_links":{"self":[{"href":"https:\/\/bauservice-aluminium.pl\/fr\/wp-json\/wp\/v2\/pages\/822"}],"collection":[{"href":"https:\/\/bauservice-aluminium.pl\/fr\/wp-json\/wp\/v2\/pages"}],"about":[{"href":"https:\/\/bauservice-aluminium.pl\/fr\/wp-json\/wp\/v2\/types\/page"}],"author":[{"embeddable":true,"href":"https:\/\/bauservice-aluminium.pl\/fr\/wp-json\/wp\/v2\/users\/2"}],"replies":[{"embeddable":true,"href":"https:\/\/bauservice-aluminium.pl\/fr\/wp-json\/wp\/v2\/comments?post=822"}],"version-history":[{"count":11,"href":"https:\/\/bauservice-aluminium.pl\/fr\/wp-json\/wp\/v2\/pages\/822\/revisions"}],"predecessor-version":[{"id":844,"href":"https:\/\/bauservice-aluminium.pl\/fr\/wp-json\/wp\/v2\/pages\/822\/revisions\/844"}],"wp:attachment":[{"href":"https:\/\/bauservice-aluminium.pl\/fr\/wp-json\/wp\/v2\/media?parent=822"}],"curies":[{"name":"wp","href":"https:\/\/api.w.org\/{rel}","templated":true}]}}