{"id":9,"date":"2020-09-01T12:00:00","date_gmt":"2020-09-01T12:00:00","guid":{"rendered":"http:\/\/bauservice-aluminium.pl\/?page_id=9"},"modified":"2020-12-03T15:56:34","modified_gmt":"2020-12-03T14:56:34","slug":"o-firmie","status":"publish","type":"page","link":"https:\/\/bauservice-aluminium.pl\/fr\/o-firmie\/","title":{"rendered":"\u00c0 propos de la soci\u00e9t\u00e9"},"content":{"rendered":"","protected":false},"excerpt":{"rendered":"","protected":false},"author":1,"featured_media":0,"parent":0,"menu_order":0,"comment_status":"closed","ping_status":"closed","template":"tpl_ofirmie.php","meta":{"_acf_changed":false,"footnotes":""},"acf":[],"_links":{"self":[{"href":"https:\/\/bauservice-aluminium.pl\/fr\/wp-json\/wp\/v2\/pages\/9"}],"collection":[{"href":"https:\/\/bauservice-aluminium.pl\/fr\/wp-json\/wp\/v2\/pages"}],"about":[{"href":"https:\/\/bauservice-aluminium.pl\/fr\/wp-json\/wp\/v2\/types\/page"}],"author":[{"embeddable":true,"href":"https:\/\/bauservice-aluminium.pl\/fr\/wp-json\/wp\/v2\/users\/1"}],"replies":[{"embeddable":true,"href":"https:\/\/bauservice-aluminium.pl\/fr\/wp-json\/wp\/v2\/comments?post=9"}],"version-history":[{"count":19,"href":"https:\/\/bauservice-aluminium.pl\/fr\/wp-json\/wp\/v2\/pages\/9\/revisions"}],"predecessor-version":[{"id":740,"href":"https:\/\/bauservice-aluminium.pl\/fr\/wp-json\/wp\/v2\/pages\/9\/revisions\/740"}],"wp:attachment":[{"href":"https:\/\/bauservice-aluminium.pl\/fr\/wp-json\/wp\/v2\/media?parent=9"}],"curies":[{"name":"wp","href":"https:\/\/api.w.org\/{rel}","templated":true}]}}